{"id":632,"date":"2023-12-20T11:47:50","date_gmt":"2023-12-20T10:47:50","guid":{"rendered":"http:\/\/asso-cpdis.com\/?page_id=632"},"modified":"2025-11-18T06:00:17","modified_gmt":"2025-11-18T05:00:17","slug":"rp-club","status":"publish","type":"page","link":"http:\/\/asso-cpdis.com\/index.php\/rp-club\/","title":{"rendered":"RP Club"},"content":{"rendered":"<p>Le \u00ab\u00a0RP club \u00a0\u00bb est un groupe du CPDIS qui r\u00e9unit les PR (Pharmacien Responsable) et PRI (Pharmacien Responsable Int\u00e9rimaire) des laboratoires pharmaceutiques et qui sont adh\u00e9rents au CPDIS. \u00ab\u00a0RP\u00a0\u00bb signifie Responsabilit\u00e9 Pharmaceutique. Il se r\u00e9unira une fois par mois \u00e0 la suite de la conf\u00e9rence mensuelle du CPDIS.<\/p>\n<p>L&rsquo;objectif de ce club informel est un lieu d&rsquo;\u00e9changes d&rsquo;exp\u00e9rience et de recettes. Avec comme b\u00e9n\u00e9fice une approche \u00ab\u00a0Problem solving\u00a0\u00bb bas\u00e9e sur la confraternit\u00e9 et l&rsquo;entraide.<\/p>\n<p><strong><span style=\"color: #ff6600;\">La parole de chacun est libre et ce qui se dit reste confidentiel au sein du Club.\u00a0<\/span><\/strong><\/p>\n<p>Les th\u00e8mes abord\u00e9s peuvent \u00eatre li\u00e9s \u00e0 l&rsquo;actualit\u00e9s ou peuvent \u00eatre initi\u00e9s par un membre ou propos\u00e9 par l&rsquo;animateur.<\/p>\n<p>&#8212;&#8212;&#8212;&#8212;&#8212;&#8212;&#8212;&#8212;&#8212;&#8212;&#8212;&#8212;&#8212;&#8212;&#8212;&#8212;&#8212;&#8212;&#8212;&#8212;&#8212;&#8212;&#8212;&#8212;&#8212;&#8212;&#8212;&#8212;&#8212;&#8212;&#8212;&#8211;<\/p>\n<p><span style=\"color: #0000ff;\"><strong>Voici quelques exemples de th\u00e8mes que nous pourrons aborder dans les prochaines r\u00e9unions :<\/strong><\/span><\/p>\n<p><strong><span style=\"color: #008000;\">Exploitant fran\u00e7aise et AMM centralis\u00e9e<\/span><\/strong><\/p>\n<p><strong><span style=\"color: #008000;\">Etat des lieux<\/span><\/strong><\/p>\n<p><strong><span style=\"color: #008000;\">S\u00e9paration promotion (VM) et MSL.<\/span><\/strong><\/p>\n<p><strong><span style=\"color: #008000;\">Audits externes : participation du PR ?<\/span><\/strong><\/p>\n<p><strong><span style=\"color: #008000;\">Certification , r\u00e9f\u00e9rentiel , r\u00f4le du PR.<\/span><\/strong><\/p>\n<p><strong><span style=\"color: #008000;\">DMOS, transparence des liens, r\u00f4le et place du PR<\/span><\/strong><\/p>\n<p><strong><span style=\"color: #008000;\">Logigrammes de Pharmacovigilance (Corporate, France, sous-traitants hors UE, EUQPPV)<\/span><\/strong><\/p>\n<p><strong><span style=\"color: #008000;\">Audit interne, auto-inspection<\/span><\/strong><\/p>\n<p><strong><span style=\"color: #008000;\">MITM, P\u00e9nuries, PGP, ruptures de stocks, alternatives, importation parall\u00e8les.<\/span><\/strong><\/p>\n<p><strong><span style=\"color: #008000;\">Relation Exploitant et sous-traitance de fabrication : planning, lib\u00e9ration , PQR<\/span><\/strong><\/p>\n<p><strong><span style=\"color: #008000;\">R\u00e9clamations qualit\u00e9, OOS.<\/span><\/strong><\/p>\n<p><strong><span style=\"color: #008000;\">Permanence pharmaceutique : doctrine Ordre et LEEM, cartographie des risques, proc\u00e9dure.<\/span><\/strong><\/p>\n<p><strong><span style=\"color: #008000;\">Comment recadrer un corporate apr\u00e8s une inspection France ?<\/span><\/strong><\/p>\n<p><strong><span style=\"color: #008000;\">PR de filiale \/ PR de maison m\u00e8re : analyse comparative<\/span><\/strong><\/p>\n<p><strong><span style=\"color: #008000;\">Harmonisation entre proc\u00e9dures corporate et proc\u00e9dures France.<\/span><\/strong><\/p>\n<p><strong><span style=\"color: #008000;\">Etc.<\/span><\/strong><\/p>\n<p>&nbsp;<\/p>\n<p>&nbsp;<\/p>\n<p>&nbsp;<\/p>\n","protected":false},"excerpt":{"rendered":"<p>Le \u00ab\u00a0RP club \u00a0\u00bb est un groupe du CPDIS qui r\u00e9unit les PR (Pharmacien Responsable) et PRI (Pharmacien Responsable Int\u00e9rimaire) des laboratoires pharmaceutiques et qui sont adh\u00e9rents au CPDIS. \u00ab\u00a0RP\u00a0\u00bb signifie Responsabilit\u00e9 Pharmaceutique. Il se r\u00e9unira une fois par mois \u00e0 la suite de la conf\u00e9rence mensuelle du CPDIS. L&rsquo;objectif de ce club informel est [&hellip;]<\/p>\n","protected":false},"author":1,"featured_media":0,"parent":0,"menu_order":0,"comment_status":"closed","ping_status":"closed","template":"","meta":{"footnotes":""},"class_list":["post-632","page","type-page","status-publish","hentry"],"_links":{"self":[{"href":"http:\/\/asso-cpdis.com\/index.php\/wp-json\/wp\/v2\/pages\/632","targetHints":{"allow":["GET"]}}],"collection":[{"href":"http:\/\/asso-cpdis.com\/index.php\/wp-json\/wp\/v2\/pages"}],"about":[{"href":"http:\/\/asso-cpdis.com\/index.php\/wp-json\/wp\/v2\/types\/page"}],"author":[{"embeddable":true,"href":"http:\/\/asso-cpdis.com\/index.php\/wp-json\/wp\/v2\/users\/1"}],"replies":[{"embeddable":true,"href":"http:\/\/asso-cpdis.com\/index.php\/wp-json\/wp\/v2\/comments?post=632"}],"version-history":[{"count":8,"href":"http:\/\/asso-cpdis.com\/index.php\/wp-json\/wp\/v2\/pages\/632\/revisions"}],"predecessor-version":[{"id":855,"href":"http:\/\/asso-cpdis.com\/index.php\/wp-json\/wp\/v2\/pages\/632\/revisions\/855"}],"wp:attachment":[{"href":"http:\/\/asso-cpdis.com\/index.php\/wp-json\/wp\/v2\/media?parent=632"}],"curies":[{"name":"wp","href":"https:\/\/api.w.org\/{rel}","templated":true}]}}