{"id":85,"date":"2019-03-22T15:24:39","date_gmt":"2019-03-22T14:24:39","guid":{"rendered":"http:\/\/asso-cpdis.com\/?page_id=85"},"modified":"2023-12-20T11:52:11","modified_gmt":"2023-12-20T10:52:11","slug":"accueil","status":"publish","type":"page","link":"http:\/\/asso-cpdis.com\/","title":{"rendered":"Accueil"},"content":{"rendered":"\r\n<div class=\"wp-block-image\">\r\n<figure class=\"alignleft\"><img loading=\"lazy\" decoding=\"async\" width=\"98\" height=\"78\" class=\"wp-image-51\" src=\"http:\/\/asso-cpdis.com\/wp-content\/uploads\/2019\/03\/image001.jpg\" alt=\"\" \/><\/figure>\r\n<\/div>\r\n\r\n\r\n\r\n<p><strong><span style=\"color: #339966;\">Historique et objet de l\u2019association<\/span><\/strong><\/p>\r\n\r\n\r\n\r\n<p style=\"text-align: justify;\">Le CPDIS est l\u2019\u00e9manation\u00a0de l\u2019association\u00a0G.A.S.P \u2013 C.J.D. (Groupement d\u2019action sante publique \u2013 Centre des jeunes dirigeants)\u00a0cr\u00e9\u00e9e il y a plus de 30 ans. Le changement de nom et de statuts a \u00e9t\u00e9 vot\u00e9 en 2016.<\/p>\r\n\r\n\r\n\r\n<p style=\"text-align: justify;\">Les membres de l\u2019association, pharmaciens pour la plupart, repr\u00e9sentent l\u2019ensemble de l\u2019univers pharmaceutique : industrie pharmaceutique, r\u00e9partition, officine, biologie, \u00e9tablissements de soins, prestataires \u2026L\u2019association permet de tisser un r\u00e9seau interprofessionnel de dirigeants, cadres sup\u00e9rieurs et cadres responsables des m\u00e9tiers de la pharmacie et d\u2019apporter une aide \u00e0 la r\u00e9flexion strat\u00e9gique sur l\u2019\u00e9volution des entreprises du secteur de la sant\u00e9 face aux enjeux \u00e9conomiques, r\u00e9glementaires et scientifiques.\u00a0<\/p>\r\n\r\n\r\n\r\n<p style=\"text-align: justify;\"><span style=\"color: #339966;\"><strong>R\u00e9unions<\/strong><\/span><\/p>\r\n\r\n\r\n\r\n<p style=\"text-align: justify;\">L\u2019association, \u00e0 taille humaine, favorise les \u00e9changes et entretient le r\u00e9seau entre les participants.<\/p>\r\n<p style=\"text-align: justify;\">Elle\u00a0\u00a0propose <span style=\"color: #0000ff;\"><strong>une conf\u00e9rence d\u00e9bat<\/strong><\/span> avec un intervenant ext\u00e9rieur (dur\u00e9e : 12h30- 14h30 sous forme de d\u00e9jeuner). Les d\u00e9bats sont l\u2019occasion d\u2019\u00e9changes libres entre l\u2019intervenant et les participants, permettant \u00e0 chacun de s\u2019enrichir sur des sujets touchant l\u2019ensemble de la profession.<\/p>\r\n\r\n\r\n\r\n<p><span style=\"color: #339966;\"><strong>Th\u00e8mes abord\u00e9s<\/strong><\/span><\/p>\r\n\r\n\r\n\r\n<ul>\r\n<li><em>Affaires\u00a0<\/em><em>R\u00e9glementaires et Juridiques<\/em>\r\n\r\n<\/li>\r\n<li><em>Recherche et D\u00e9veloppement<\/em>\r\n\r\n<\/li>\r\n<li><em>Op\u00e9rations<\/em><em>Industriel<\/em><em>les\u00a0<\/em><em>(production<\/em><em>,\u00a0<\/em><em>qualit\u00e9)<\/em>\r\n\r\n<\/li>\r\n<li><em>Commercialisation (marketing et ventes, communication, \u00e9v\u00e9nementiels)<\/em>\r\n\r\n<\/li>\r\n<li><em>Innovation et nouvelles technologies<\/em>\r\n\r\n<\/li>\r\n<li><em>Economie et politique de sant\u00e9<\/em>\r\n\r\n<\/li>\r\n<li><em>Management et ressources humaines.<\/em><\/li>\r\n<\/ul>\r\n<p>A la suite de la conf\u00e9rence, se tient le <strong><span style=\"color: #0000ff;\">RP Club.<\/span><\/strong><\/p>\r\n<p style=\"text-align: center;\"><span style=\"color: #339966;\"><strong>Rejoindre l\u2019association, c\u2019est apprendre, rencontrer, \u00e9changer, apporter votre contribution et participer \u00e0 la d\u00e9finition des th\u00e8mes trait\u00e9s.<\/strong><\/span><\/p>\r\n","protected":false},"excerpt":{"rendered":"<p>Historique et objet de l\u2019association Le CPDIS est l\u2019\u00e9manation\u00a0de l\u2019association\u00a0G.A.S.P \u2013 C.J.D. (Groupement d\u2019action sante publique \u2013 Centre des jeunes dirigeants)\u00a0cr\u00e9\u00e9e il y a plus de 30 ans. Le changement de nom et de statuts a \u00e9t\u00e9 vot\u00e9 en 2016. Les membres de l\u2019association, pharmaciens pour la plupart, repr\u00e9sentent l\u2019ensemble de l\u2019univers pharmaceutique : industrie [&hellip;]<\/p>\n","protected":false},"author":1,"featured_media":0,"parent":0,"menu_order":10,"comment_status":"closed","ping_status":"closed","template":"","meta":{"footnotes":""},"class_list":["post-85","page","type-page","status-publish","hentry"],"_links":{"self":[{"href":"http:\/\/asso-cpdis.com\/index.php\/wp-json\/wp\/v2\/pages\/85","targetHints":{"allow":["GET"]}}],"collection":[{"href":"http:\/\/asso-cpdis.com\/index.php\/wp-json\/wp\/v2\/pages"}],"about":[{"href":"http:\/\/asso-cpdis.com\/index.php\/wp-json\/wp\/v2\/types\/page"}],"author":[{"embeddable":true,"href":"http:\/\/asso-cpdis.com\/index.php\/wp-json\/wp\/v2\/users\/1"}],"replies":[{"embeddable":true,"href":"http:\/\/asso-cpdis.com\/index.php\/wp-json\/wp\/v2\/comments?post=85"}],"version-history":[{"count":17,"href":"http:\/\/asso-cpdis.com\/index.php\/wp-json\/wp\/v2\/pages\/85\/revisions"}],"predecessor-version":[{"id":635,"href":"http:\/\/asso-cpdis.com\/index.php\/wp-json\/wp\/v2\/pages\/85\/revisions\/635"}],"wp:attachment":[{"href":"http:\/\/asso-cpdis.com\/index.php\/wp-json\/wp\/v2\/media?parent=85"}],"curies":[{"name":"wp","href":"https:\/\/api.w.org\/{rel}","templated":true}]}}