{"id":346,"date":"2019-12-18T18:15:46","date_gmt":"2019-12-18T17:15:46","guid":{"rendered":"http:\/\/asso-cpdis.com\/?page_id=346"},"modified":"2019-12-18T18:36:13","modified_gmt":"2019-12-18T17:36:13","slug":"evenements-passes-2919","status":"publish","type":"page","link":"https:\/\/asso-cpdis.com\/index.php\/page-d-exemple\/evenements-passes-2919\/","title":{"rendered":"Ev\u00e9nements pass\u00e9s 2919"},"content":{"rendered":"<header class=\"entry-header\">\n<h2 class=\"entry-title\"><\/h2>\n<\/header>\n<div class=\"entry-content\">\n<div class=\"su-posts su-posts-teaser-loop\">\n<div id=\"su-post-338\" class=\"su-post\">\n<h2 class=\"su-post-title\"><a href=\"http:\/\/asso-cpdis.com\/index.php\/2019\/10\/21\/dejeuner-du-mardi-12-novembre-vie-scientifique-et-financiere-dune-start-up\/\">D\u00e9jeuner du mardi 12 novembre : \u00ab\u00a0Vie scientifique et financi\u00e8re d\u2019une start up\u00a0\u00bb<\/a><\/h2>\n<\/div>\n<div id=\"su-post-332\" class=\"su-post\">\n<h2 class=\"su-post-title\"><a href=\"http:\/\/asso-cpdis.com\/index.php\/2019\/09\/17\/dejeuner-du-mardi-24-septembre-les-medicaments-orphelins\/\">D\u00e9jeuner du mardi 24 septembre \u00ab\u00a0les m\u00e9dicaments orphelins\u00a0\u00bb<\/a><\/h2>\n<\/div>\n<div id=\"su-post-282\" class=\"su-post\">\n<p><a class=\"su-post-thumbnail\" href=\"http:\/\/asso-cpdis.com\/index.php\/2019\/03\/24\/journee-delocalisee-18-juin-2019-imt-de-tours\/\"><img loading=\"lazy\" decoding=\"async\" class=\"attachment-post-thumbnail size-post-thumbnail wp-post-image\" src=\"http:\/\/asso-cpdis.com\/wp-content\/uploads\/2019\/03\/image001.jpg\" alt=\"\" width=\"98\" height=\"78\" \/><\/a><\/p>\n<h2 class=\"su-post-title\"><a href=\"http:\/\/asso-cpdis.com\/index.php\/2019\/03\/24\/journee-delocalisee-18-juin-2019-imt-de-tours\/\">Assembl\u00e9e g\u00e9n\u00e9rale extraordinaire 18 juin 2019<\/a><\/h2>\n<\/div>\n<div id=\"su-post-279\" class=\"su-post\">\n<p><a class=\"su-post-thumbnail\" href=\"http:\/\/asso-cpdis.com\/index.php\/2019\/03\/24\/dejeuner-du-mardi-14-mai-2019-pharmaciens-daujourdhui-et-de-demain-quelle-formation\/\"><img loading=\"lazy\" decoding=\"async\" class=\"attachment-post-thumbnail size-post-thumbnail wp-post-image\" src=\"http:\/\/asso-cpdis.com\/wp-content\/uploads\/2019\/03\/Unknown.png\" alt=\"\" width=\"294\" height=\"172\" \/><\/a><\/p>\n<h2 class=\"su-post-title\"><a href=\"http:\/\/asso-cpdis.com\/index.php\/2019\/03\/24\/dejeuner-du-mardi-14-mai-2019-pharmaciens-daujourdhui-et-de-demain-quelle-formation\/\">D\u00e9jeuner du mardi 14 mai 2019 : \u00a0\u00bb Pharmaciens d\u2019aujourd\u2019hui et de demain : quelle formation ?\u00a0\u00bb<\/a><\/h2>\n<\/div>\n<div id=\"su-post-128\" class=\"su-post\">\n<p><a class=\"su-post-thumbnail\" href=\"http:\/\/asso-cpdis.com\/index.php\/2019\/03\/22\/diriger-un-laboratoire-pharmaceutique-facteurs-cles-de-succes\/\"><img loading=\"lazy\" decoding=\"async\" class=\"attachment-post-thumbnail size-post-thumbnail wp-post-image\" src=\"http:\/\/asso-cpdis.com\/wp-content\/uploads\/2019\/03\/pierre-fabre-medicaments.png\" sizes=\"auto, (max-width: 225px) 100vw, 225px\" srcset=\"http:\/\/asso-cpdis.com\/wp-content\/uploads\/2019\/03\/pierre-fabre-medicaments.png 225w, http:\/\/asso-cpdis.com\/wp-content\/uploads\/2019\/03\/pierre-fabre-medicaments-150x150.png 150w\" alt=\"\" width=\"225\" height=\"225\" \/><\/a><\/p>\n<h2 class=\"su-post-title\"><a href=\"http:\/\/asso-cpdis.com\/index.php\/2019\/03\/22\/diriger-un-laboratoire-pharmaceutique-facteurs-cles-de-succes\/\">D\u00e9jeuner du mardi 16 avril : \u00ab\u00a0Diriger un laboratoire pharmaceutique : facteurs cl\u00e9s de succ\u00e8s\u00a0\u00bb<\/a><\/h2>\n<\/div>\n<div id=\"su-post-117\" class=\"su-post\">\n<p><a class=\"su-post-thumbnail\" href=\"http:\/\/asso-cpdis.com\/index.php\/2019\/03\/19\/nouvelles-responsabilites-des-operateurs-du-domaine-des-dispositifs-medicaux\/\"><img loading=\"lazy\" decoding=\"async\" class=\"attachment-post-thumbnail size-post-thumbnail wp-post-image\" src=\"http:\/\/asso-cpdis.com\/wp-content\/uploads\/2019\/03\/white-tillet-header.png\" sizes=\"auto, (max-width: 430px) 100vw, 430px\" srcset=\"http:\/\/asso-cpdis.com\/wp-content\/uploads\/2019\/03\/white-tillet-header.png 430w, http:\/\/asso-cpdis.com\/wp-content\/uploads\/2019\/03\/white-tillet-header-300x105.png 300w\" alt=\"\" width=\"430\" height=\"150\" \/><\/a><\/p>\n<h2 class=\"su-post-title\"><a href=\"http:\/\/asso-cpdis.com\/index.php\/2019\/03\/19\/nouvelles-responsabilites-des-operateurs-du-domaine-des-dispositifs-medicaux\/\">D\u00e9jeuner du mardi 19 mars : \u00ab\u00a0Nouvelles responsabilit\u00e9s des op\u00e9rateurs du domaine des dispositifs m\u00e9dicaux\u00a0\u00bb<\/a><\/h2>\n<\/div>\n<div id=\"su-post-114\" class=\"su-post\">\n<p><a class=\"su-post-thumbnail\" href=\"http:\/\/asso-cpdis.com\/index.php\/2019\/02\/19\/complements-alimentaires-valorisation-scientifique-reglementaire-et-economique\/\"><img loading=\"lazy\" decoding=\"async\" class=\"attachment-post-thumbnail size-post-thumbnail wp-post-image\" src=\"http:\/\/asso-cpdis.com\/wp-content\/uploads\/2019\/03\/Capture-d\u2019\u00e9cran-2019-03-22-\u00e0-15.51.31.png\" alt=\"\" width=\"155\" height=\"79\" \/><\/a><\/p>\n<h2 class=\"su-post-title\"><a href=\"http:\/\/asso-cpdis.com\/index.php\/2019\/02\/19\/complements-alimentaires-valorisation-scientifique-reglementaire-et-economique\/\">D\u00e9jeuner du mardi 19 f\u00e9vrier : \u00ab\u00a0Compl\u00e9ments alimentaires : valorisation scientifique, r\u00e9glementaire et \u00e9conomique\u00a0\u00bb<\/a><\/h2>\n<\/div>\n<div id=\"su-post-191\" class=\"su-post\">\n<p><a class=\"su-post-thumbnail\" href=\"http:\/\/asso-cpdis.com\/index.php\/2019\/01\/22\/dejeuner-du-mardi-22-janvier-loi-sapin-ii\/\"><img loading=\"lazy\" decoding=\"async\" class=\"attachment-post-thumbnail size-post-thumbnail wp-post-image\" src=\"http:\/\/asso-cpdis.com\/wp-content\/uploads\/2019\/01\/logo_csd.png\" alt=\"\" width=\"155\" height=\"184\" \/><\/a><\/p>\n<h2 class=\"su-post-title\"><a href=\"http:\/\/asso-cpdis.com\/index.php\/2019\/01\/22\/dejeuner-du-mardi-22-janvier-loi-sapin-ii\/\">D\u00e9jeuner du mardi 22 janvier \u00ab\u00a0Loi sapin II\u00a0\u00bb<\/a><\/h2>\n<\/div>\n<\/div>\n<\/div>\n","protected":false},"excerpt":{"rendered":"<p>D\u00e9jeuner du mardi 12 novembre : \u00ab\u00a0Vie scientifique et financi\u00e8re d\u2019une start up\u00a0\u00bb D\u00e9jeuner du mardi 24 septembre \u00ab\u00a0les m\u00e9dicaments orphelins\u00a0\u00bb Assembl\u00e9e g\u00e9n\u00e9rale extraordinaire 18 juin 2019 D\u00e9jeuner du mardi 14 mai 2019 : \u00a0\u00bb Pharmaciens d\u2019aujourd\u2019hui et de demain : quelle formation ?\u00a0\u00bb D\u00e9jeuner du mardi 16 avril : \u00ab\u00a0Diriger un laboratoire pharmaceutique : [&hellip;]<\/p>\n","protected":false},"author":1,"featured_media":0,"parent":2,"menu_order":0,"comment_status":"closed","ping_status":"closed","template":"","meta":{"footnotes":""},"class_list":["post-346","page","type-page","status-publish","hentry"],"_links":{"self":[{"href":"https:\/\/asso-cpdis.com\/index.php\/wp-json\/wp\/v2\/pages\/346","targetHints":{"allow":["GET"]}}],"collection":[{"href":"https:\/\/asso-cpdis.com\/index.php\/wp-json\/wp\/v2\/pages"}],"about":[{"href":"https:\/\/asso-cpdis.com\/index.php\/wp-json\/wp\/v2\/types\/page"}],"author":[{"embeddable":true,"href":"https:\/\/asso-cpdis.com\/index.php\/wp-json\/wp\/v2\/users\/1"}],"replies":[{"embeddable":true,"href":"https:\/\/asso-cpdis.com\/index.php\/wp-json\/wp\/v2\/comments?post=346"}],"version-history":[{"count":2,"href":"https:\/\/asso-cpdis.com\/index.php\/wp-json\/wp\/v2\/pages\/346\/revisions"}],"predecessor-version":[{"id":352,"href":"https:\/\/asso-cpdis.com\/index.php\/wp-json\/wp\/v2\/pages\/346\/revisions\/352"}],"up":[{"embeddable":true,"href":"https:\/\/asso-cpdis.com\/index.php\/wp-json\/wp\/v2\/pages\/2"}],"wp:attachment":[{"href":"https:\/\/asso-cpdis.com\/index.php\/wp-json\/wp\/v2\/media?parent=346"}],"curies":[{"name":"wp","href":"https:\/\/api.w.org\/{rel}","templated":true}]}}