{"id":401,"date":"2020-11-18T11:28:34","date_gmt":"2020-11-18T10:28:34","guid":{"rendered":"http:\/\/asso-cpdis.com\/?page_id=401"},"modified":"2023-12-15T13:43:33","modified_gmt":"2023-12-15T12:43:33","slug":"evenements-2021","status":"publish","type":"page","link":"https:\/\/asso-cpdis.com\/index.php\/evenements-2021\/","title":{"rendered":"Ev\u00e9nements pass\u00e9s 2021"},"content":{"rendered":"\n\n<div class=\"su-posts su-posts-teaser-loop \">\n\t\t\t\t\t\t\n\t\t\t<div id=\"su-post-464\" class=\"su-post \">\n\t\t\t\t\t\t\t\t<h2 class=\"su-post-title\"><a href=\"https:\/\/asso-cpdis.com\/index.php\/2021\/10\/11\/jeudi-21-octobre-18h-production-industrielle-pharmaceutique-en-france-etat-des-lieux\/\">Jeudi 21 Octobre 18h \u00ab\u00a0Production industrielle pharmaceutique en France : \u00e9tat des lieux\u00a0\u00bb !<\/a><\/h2>\n\t\t\t<\/div>\n\n\t\t\t\t\t\n\t\t\t<div id=\"su-post-460\" class=\"su-post \">\n\t\t\t\t\t\t\t\t<h2 class=\"su-post-title\"><a href=\"https:\/\/asso-cpdis.com\/index.php\/2021\/09\/18\/jeudi-18-novembre-18h-pharmacovigilance-2021-etat-des-lieux\/\">Jeudi 18 novembre 18h \u00ab\u00a0Pharmacovigilance 2021 : Tour d&rsquo;horizon !\u00a0\u00bb<\/a><\/h2>\n\t\t\t<\/div>\n\n\t\t\t\t\t\n\t\t\t<div id=\"su-post-452\" class=\"su-post \">\n\t\t\t\t\t\t\t\t<h2 class=\"su-post-title\"><a href=\"https:\/\/asso-cpdis.com\/index.php\/2021\/05\/12\/jeudi-16-septembre-2021-18h-visio-conference-impact-de-la-crise-sanitaire-sur-le-marketing-et-la-promotion-medicale-dans-lindustrie-pharmaceutique\/\">Jeudi 16 septembre 2021 18H : Visio conf\u00e9rence \u00ab\u00a0Impact de la crise sanitaire sur le marketing et la promotion m\u00e9dicale dans l&rsquo;industrie pharmaceutique\u00a0\u00bb<\/a><\/h2>\n\t\t\t<\/div>\n\n\t\t\t\t\t\n\t\t\t<div id=\"su-post-444\" class=\"su-post \">\n\t\t\t\t\t\t\t\t<h2 class=\"su-post-title\"><a href=\"https:\/\/asso-cpdis.com\/index.php\/2021\/04\/02\/jeudi-20-mai-18h-visio-conference-les-crispr-cas9-du-concept-genetique-jusquau-medicament\/\">Jeudi 20 mai 18h Visio conf\u00e9rence : \u00ab\u00a0Les CRISPR CAS9 : Du concept g\u00e9n\u00e9tique jusqu&rsquo;au m\u00e9dicament\u00a0\u00bb<\/a><\/h2>\n\t\t\t<\/div>\n\n\t\t\t\t\t\n\t\t\t<div id=\"su-post-433\" class=\"su-post \">\n\t\t\t\t\t\t\t\t<h2 class=\"su-post-title\"><a href=\"https:\/\/asso-cpdis.com\/index.php\/2021\/03\/27\/jeudi-15-avril-18h-actualites-2021-sur-les-dispositifs-medicaux\/\">Jeudi 15 avril 18h \u00ab\u00a0Actualit\u00e9s 2021 sur les Dispositifs m\u00e9dicaux\u00a0\u00bb<\/a><\/h2>\n\t\t\t<\/div>\n\n\t\t\t\t\t\n\t\t\t<div id=\"su-post-427\" class=\"su-post \">\n\t\t\t\t\t\t\t\t<h2 class=\"su-post-title\"><a href=\"https:\/\/asso-cpdis.com\/index.php\/2021\/02\/26\/jeudi-17-juin-18h-visio-conference-les-vaccins-etat-des-lieux\/\">Jeudi 17 juin 18H Visio conf\u00e9rence : Les vaccins : \u00e9tat des lieux<\/a><\/h2>\n\t\t\t<\/div>\n\n\t\t\t\t\t\n\t\t\t<div id=\"su-post-424\" class=\"su-post \">\n\t\t\t\t\t\t\t\t<h2 class=\"su-post-title\"><a href=\"https:\/\/asso-cpdis.com\/index.php\/2021\/01\/08\/mardi-9-mars-acces-precoce-des-medicaments-au-marche\/\">Mardi 9 mars 12H Visio Conf\u00e9rence : Acc\u00e8s pr\u00e9coce des m\u00e9dicaments au march\u00e9<\/a><\/h2>\n\t\t\t<\/div>\n\n\t\t\t\t\t\n\t\t\t<div id=\"su-post-417\" class=\"su-post \">\n\t\t\t\t\t\t\t\t<h2 class=\"su-post-title\"><a href=\"https:\/\/asso-cpdis.com\/index.php\/2020\/12\/21\/mardi-9-fevrier-gestion-des-ressources-humaines-en-temps-de-crise-sanitaire\/\">Mardi 9 f\u00e9vrier : Gestion des ressources humaines en temps de crise sanitaire !<\/a><\/h2>\n\t\t\t<\/div>\n\n\t\t\t\t\t\n\t\t\t<div id=\"su-post-411\" class=\"su-post \">\n\t\t\t\t\t\t\t\t<h2 class=\"su-post-title\"><a href=\"https:\/\/asso-cpdis.com\/index.php\/2020\/11\/18\/28-janvier-web-conference-lofficine-et-lindustrie-pharmaceutique\/\">Jeudi 28 janvier : Quels services propose l&rsquo;industrie pharmaceutique au monde officinal ? \u00ab\u00a0<\/a><\/h2>\n\t\t\t<\/div>\n\n\t\t\t\t\t\n\t\t\t<div id=\"su-post-404\" class=\"su-post \">\n\t\t\t\t\t\t\t\t<h2 class=\"su-post-title\"><a href=\"https:\/\/asso-cpdis.com\/index.php\/2020\/11\/18\/assemblee-generale-annee-2020\/\">Jeudi 14 janvier 2021 \u00e0 18h Assembl\u00e9e g\u00e9n\u00e9rale Ann\u00e9e 2020<\/a><\/h2>\n\t\t\t<\/div>\n\n\t\t\t<\/div>\n\n","protected":false},"excerpt":{"rendered":"","protected":false},"author":1,"featured_media":0,"parent":0,"menu_order":0,"comment_status":"closed","ping_status":"closed","template":"","meta":{"footnotes":""},"class_list":["post-401","page","type-page","status-publish","hentry"],"_links":{"self":[{"href":"https:\/\/asso-cpdis.com\/index.php\/wp-json\/wp\/v2\/pages\/401","targetHints":{"allow":["GET"]}}],"collection":[{"href":"https:\/\/asso-cpdis.com\/index.php\/wp-json\/wp\/v2\/pages"}],"about":[{"href":"https:\/\/asso-cpdis.com\/index.php\/wp-json\/wp\/v2\/types\/page"}],"author":[{"embeddable":true,"href":"https:\/\/asso-cpdis.com\/index.php\/wp-json\/wp\/v2\/users\/1"}],"replies":[{"embeddable":true,"href":"https:\/\/asso-cpdis.com\/index.php\/wp-json\/wp\/v2\/comments?post=401"}],"version-history":[{"count":6,"href":"https:\/\/asso-cpdis.com\/index.php\/wp-json\/wp\/v2\/pages\/401\/revisions"}],"predecessor-version":[{"id":617,"href":"https:\/\/asso-cpdis.com\/index.php\/wp-json\/wp\/v2\/pages\/401\/revisions\/617"}],"wp:attachment":[{"href":"https:\/\/asso-cpdis.com\/index.php\/wp-json\/wp\/v2\/media?parent=401"}],"curies":[{"name":"wp","href":"https:\/\/api.w.org\/{rel}","templated":true}]}}