{"id":563,"date":"2023-03-06T16:09:01","date_gmt":"2023-03-06T15:09:01","guid":{"rendered":"http:\/\/asso-cpdis.com\/?page_id=563"},"modified":"2023-12-15T13:44:00","modified_gmt":"2023-12-15T12:44:00","slug":"evenements-2023","status":"publish","type":"page","link":"https:\/\/asso-cpdis.com\/index.php\/evenements-2023\/","title":{"rendered":"\u00c9v\u00e9nements pass\u00e9s 2023"},"content":{"rendered":"","protected":false},"excerpt":{"rendered":"","protected":false},"author":1,"featured_media":0,"parent":0,"menu_order":0,"comment_status":"closed","ping_status":"closed","template":"","meta":{"footnotes":""},"class_list":["post-563","page","type-page","status-publish","hentry"],"_links":{"self":[{"href":"https:\/\/asso-cpdis.com\/index.php\/wp-json\/wp\/v2\/pages\/563","targetHints":{"allow":["GET"]}}],"collection":[{"href":"https:\/\/asso-cpdis.com\/index.php\/wp-json\/wp\/v2\/pages"}],"about":[{"href":"https:\/\/asso-cpdis.com\/index.php\/wp-json\/wp\/v2\/types\/page"}],"author":[{"embeddable":true,"href":"https:\/\/asso-cpdis.com\/index.php\/wp-json\/wp\/v2\/users\/1"}],"replies":[{"embeddable":true,"href":"https:\/\/asso-cpdis.com\/index.php\/wp-json\/wp\/v2\/comments?post=563"}],"version-history":[{"count":2,"href":"https:\/\/asso-cpdis.com\/index.php\/wp-json\/wp\/v2\/pages\/563\/revisions"}],"predecessor-version":[{"id":619,"href":"https:\/\/asso-cpdis.com\/index.php\/wp-json\/wp\/v2\/pages\/563\/revisions\/619"}],"wp:attachment":[{"href":"https:\/\/asso-cpdis.com\/index.php\/wp-json\/wp\/v2\/media?parent=563"}],"curies":[{"name":"wp","href":"https:\/\/api.w.org\/{rel}","templated":true}]}}