{"id":614,"date":"2023-12-15T13:42:23","date_gmt":"2023-12-15T12:42:23","guid":{"rendered":"http:\/\/asso-cpdis.com\/?page_id=614"},"modified":"2024-12-15T07:13:58","modified_gmt":"2024-12-15T06:13:58","slug":"evenements-2024","status":"publish","type":"page","link":"https:\/\/asso-cpdis.com\/index.php\/evenements-2024\/","title":{"rendered":"\u00c9v\u00e9nements pass\u00e9s 2024"},"content":{"rendered":"<p>Liste des \u00e9v\u00e9nements 2024<\/p>\n","protected":false},"excerpt":{"rendered":"<p>Liste des \u00e9v\u00e9nements 2024<\/p>\n","protected":false},"author":1,"featured_media":0,"parent":0,"menu_order":0,"comment_status":"closed","ping_status":"closed","template":"","meta":{"footnotes":""},"class_list":["post-614","page","type-page","status-publish","hentry"],"_links":{"self":[{"href":"https:\/\/asso-cpdis.com\/index.php\/wp-json\/wp\/v2\/pages\/614","targetHints":{"allow":["GET"]}}],"collection":[{"href":"https:\/\/asso-cpdis.com\/index.php\/wp-json\/wp\/v2\/pages"}],"about":[{"href":"https:\/\/asso-cpdis.com\/index.php\/wp-json\/wp\/v2\/types\/page"}],"author":[{"embeddable":true,"href":"https:\/\/asso-cpdis.com\/index.php\/wp-json\/wp\/v2\/users\/1"}],"replies":[{"embeddable":true,"href":"https:\/\/asso-cpdis.com\/index.php\/wp-json\/wp\/v2\/comments?post=614"}],"version-history":[{"count":2,"href":"https:\/\/asso-cpdis.com\/index.php\/wp-json\/wp\/v2\/pages\/614\/revisions"}],"predecessor-version":[{"id":715,"href":"https:\/\/asso-cpdis.com\/index.php\/wp-json\/wp\/v2\/pages\/614\/revisions\/715"}],"wp:attachment":[{"href":"https:\/\/asso-cpdis.com\/index.php\/wp-json\/wp\/v2\/media?parent=614"}],"curies":[{"name":"wp","href":"https:\/\/api.w.org\/{rel}","templated":true}]}}